{"id":3245,"date":"2023-09-26T14:35:57","date_gmt":"2023-09-26T18:35:57","guid":{"rendered":"https:\/\/vivrelamauricie.ca\/on-mene-une-bonne-vie\/"},"modified":"2025-10-23T12:12:44","modified_gmt":"2025-10-23T16:12:44","slug":"we-lead-a-good-life","status":"publish","type":"page","link":"https:\/\/vivrelamauricie.ca\/en\/we-lead-a-good-life\/","title":{"rendered":"We lead a good life"},"content":{"rendered":"<section class=\"texte_image_avec_m  b_bleu t_bleuFonce\">\n        <div class=\"container imageADroite\">\n            <div class=\"img\">\n                \n            <div> <\/div>\n                            <div class=\"image \"  style=\"\">\n                        <img decoding=\"async\" src=\"https:\/\/vivrelamauricie.ca\/wp-content\/uploads\/2025\/07\/Accueil_OnMeneBonnevie-1.jpg\" alt=\"\">\n                \n                <\/div>\n                                <div class=\"m\"><\/div>\n            <\/div>\n            <div class=\"texte\">\n                <div>\n                    <span class=\"cat\"><\/span>\n                    <h1>Live in Mauricie<\/h1>\n<h2>We lead a good life<\/h2>\n<p>Exploring all the beauty that each season holds for us is one of our great joys in Mauricie. It\u2019s a great place for those who want a little peace but still need to be close to the action. Where people are always ready to come together and lend a hand, if you need one. Out here, you really do get so much more for your money.<\/p>\n                                                <div class=\"immigrer b_jaune \">\n                        <h3>New to Qu\u00e9bec? Landed in Montr\u00e9al?<br \/>\nMauricie is waiting for you.<\/h3>\n<p><a href=\"\/en\/we-are-welcoming\/\">Move to Mauricie<span class=\"fleche\">\u00a0<\/span><\/a><\/p>\n                        <\/div>                <\/div>\n            <\/div> \n        <\/div> \n\n<\/section>\n\n    \n\n<section class=\"texte_image_avec_m  b_jaune t_bleuFonce\">\n        <div class=\"container \">\n            <div class=\"img\">\n                \n            <div> <\/div>\n                            <div class=\"image \"  style=\"\">\n                        <img decoding=\"async\" src=\"https:\/\/vivrelamauricie.ca\/wp-content\/uploads\/2025\/10\/enfants_2.webp\" alt=\"\">\n                \n                <\/div>\n                                <div class=\"m\"><\/div>\n            <\/div>\n            <div class=\"texte\">\n                <div>\n                    <span class=\"cat\"><\/span>\n                    <h2>Growing up in Mauricie<\/h2>\n<p>Everyone here knows that Mauricie is a safe place to raise your kids, with plenty of daycare centres and schools for them to learn and grow while having fun. It\u2019s also ideal for parents and people who want to experience all that life has to offer. So whether you prefer the charm of a small village, the hustle of a big city, the tranquillity of a farmhouse, or the luxury of a condo on the waterfront, life is good in Mauricie, any way you look at it.<\/p>\n                        <a href=\"https:\/\/vivrelamauricie.ca\/en\/we-lead-a-good-life\/schools-and-daycare-centres\/\" class=\"bouton bleuFonce\" >Our schools and daycares<\/a>\n                        <br>\n                        <a href=\"https:\/\/vivrelamauricie.ca\/en\/we-lead-a-good-life\/accessible-properties\/\" class=\"bouton bleuFonce\" >Homes for every taste<\/a>\n                        <br>\n                        <a href=\"https:\/\/vivrelamauricie.ca\/wp-content\/uploads\/2024\/03\/LaMauricie_BonnesAdresse_WEB.pdf\" class=\"bouton bleuFonce blank\" target=\"_blank\">Good places to settle down in mauricie (french version)<\/a>\n                                                                <\/div>\n            <\/div> \n        <\/div> \n\n<\/section>\n\n    \n\n<section class=\"mythe_realite  b_beige t_bleu ta_bleuFonce bc_bleuFonce sl_bleu triggerRealite\">\n    <div class=\"container\">\n        <div class=\"mythe case actif\">\n            Myth        <\/div>\n        <div class=\"realite case\">\n            Reality        <\/div>\n        <form action=\"#\" class=\"mythReal\">\n          <input class=\"input__value\" type=\"number\" name=\"effect-level\" min=\"0\" max=\"100\" step=\"1\" value=\"0\">\n          <div class=\"slider__line\">\n            <div class=\"slider__pin\" tabindex=\"0\"><\/div>\n          <\/div>\n        <\/form>\n        <div class=\"width\">\n            <div class=\"txtRealite\"><span> La Mauricie has four hospitals, including one in La Tuque, and several CLSCs, medical clinics and private clinics throughout its territory.<\/span><\/div>\n            <div class=\"txtMyth \"><span>If you\u2019re injured or sick and far from Trois-Rivi\u00e8res, good luck.<\/span><\/div>\n        <\/div>\n    <\/div>\n<\/section>\n\n\n    <section class=\"accordeons  b_beige t_bleuFonce\">\n        <div class=\"container\">\n            <h2>DAILY LIFE IN MAURICIE<\/h2>\n            <div class=\"intro\"><p>In Mauricie, healthcare is accessible, local flavors are plentiful, and the roads take us wherever we want to go. Discover what supports us day to day: well-established health services, vibrant public markets, and diverse transportation options. Because here, living also means taking good care of ourselves, eating well, and getting around with ease.<\/p>\n<\/div>        <div class=\"wrapAcc\">\n                    <span class=\"image parallax\" data-type=\"background\" style=\"background-image:url(https:\/\/vivrelamauricie.ca\/wp-content\/uploads\/2025\/10\/temoignages-760x537.webp)\" ><\/span><h3 class=\"accordeon first\">Healthcare and Health Services<\/h3>\n            <span class=\"image mobile parallax\" data-type=\"background\" style=\"background-image:url(https:\/\/vivrelamauricie.ca\/wp-content\/uploads\/2025\/10\/temoignages-760x537.webp)\" ><\/span><p>The healthcare network is well developed in Mauricie. In addition to being the region\u2019s largest employer, the CIUSSS MCQ serves four hospitals across our communities:<\/p>\n<ul>\n<li class=\"cvGsUA direction-ltr align-start para-style-body\"><span class=\"a_GcMg font-feature-liga-off font-feature-clig-off font-feature-calt-off text-decoration-none text-strikethrough-none\">H\u00f4pital de La Tuque;<\/span><\/li>\n<li class=\"cvGsUA direction-ltr align-start para-style-body\"><span class=\"a_GcMg font-feature-liga-off font-feature-clig-off font-feature-calt-off text-decoration-none text-strikethrough-none\">H\u00f4pital du Centre-de-la-Mauricie;<\/span><\/li>\n<li class=\"cvGsUA direction-ltr align-start para-style-body\"><span class=\"a_GcMg font-feature-liga-off font-feature-clig-off font-feature-calt-off text-decoration-none text-strikethrough-none\">Centre multiservices de sant\u00e9 et de services sociaux Avellin-Dalcourt;<\/span><\/li>\n<li class=\"cvGsUA direction-ltr align-start para-style-body\"><span class=\"a_GcMg font-feature-liga-off font-feature-clig-off font-feature-calt-off text-decoration-none text-strikethrough-none\">Centre hospitalier affili\u00e9 universitaire r\u00e9gional de Trois-Rivi\u00e8res.<\/span><\/li>\n<\/ul>\n<div class=\"liens\"><a href=\"https:\/\/ciusssmcq.ca\/soins-et-services\/\" target=\"_blank\" class=\"lien t_bleuFonce\">Our Heathcare Services<span class=\"fleche\"><\/span><\/a><\/div><\/div><div class=\"wrapAcc\">\n                    <span class=\"image parallax\" data-type=\"background\" style=\"background-image:url(https:\/\/vivrelamauricie.ca\/wp-content\/uploads\/2025\/10\/transport_vivre-760x536.webp)\" ><\/span><h3 class=\"accordeon\">Transportation<\/h3>\n            <span class=\"image mobile parallax\" data-type=\"background\" style=\"background-image:url(https:\/\/vivrelamauricie.ca\/wp-content\/uploads\/2025\/10\/transport_vivre-760x536.webp)\" ><\/span><p><strong>Port Infrastructure, Airport, Seaplane, Train\u2026<\/strong><br \/>\nPublic transit, taxis, bicycles, and even ATVs also make it easy to get to work or run errands in town.<\/p>\n<ul>\n<li>Public transportation is available throughout the region, including <a href=\"https:\/\/ctcmaskinonge.org\/\" target=\"_blank\" rel=\"noopener\">interregional connections<\/a><\/li>\n<li><a class=\"a_GcMg font-feature-liga-off font-feature-clig-off font-feature-calt-off text-decoration-underline text-strikethrough-none\" draggable=\"false\" href=\"https:\/\/www.idetr.com\/en\/investing-in-trois-rivieres\/transportation\" target=\"_blank\" rel=\"noopener\">Port of Trois-Rivi\u00e8res<\/a>: one of the most important in Qu\u00e9bec<\/li>\n<li><a href=\"https:\/\/www.idetr.com\/en\/investing-in-trois-rivieres\/transportation\" target=\"_blank\" rel=\"noopener\">Trois-Rivi\u00e8res Airport:<\/a> a valuable economic asset<\/li>\n<li><a href=\"https:\/\/aeroportlatuque.com\/fr\/\">La Tuque Regional Airport<\/a><\/li>\n<li><a href=\"https:\/\/tourismemauricie.com\/blogue\/visiter-mauricie-voiture-cest-possible-oh-oui\">Train access<\/a> available in Maskinong\u00e9, Shawinigan, M\u00e9kinac, and La Tuque<\/li>\n<\/ul>\n<\/div><div class=\"wrapAcc\">\n                    <span class=\"image parallax\" data-type=\"background\" style=\"background-image:url(https:\/\/vivrelamauricie.ca\/wp-content\/uploads\/2025\/10\/marches-publics-760x536.webp)\" ><\/span><h3 class=\"accordeon\">Local Shopping and Public Markets<\/h3>\n            <span class=\"image mobile parallax\" data-type=\"background\" style=\"background-image:url(https:\/\/vivrelamauricie.ca\/wp-content\/uploads\/2025\/10\/marches-publics-760x536.webp)\" ><\/span><p>In Mauricie, local is close to our hearts! More than a dozen public markets flourish across the region during the summer season. Discover them on the MIAM Mauricie website \u2014 the regional agri-food identifier for Mauricie.<\/p>\n<div class=\"liens\"><a href=\"https:\/\/mauriciemiam.ca\/marches-publics\/\" target=\"\" class=\"lien t_bleuFonce\">Our Public Markets<span class=\"fleche\"><\/span><\/a><\/div><\/div>            \n            \n            \n  <hr class=\"accordeonStop\" \/>\n        <\/div>\n        \n    <\/section>\n\n    \n\n\n    <section class=\"audio  b_bleu t_bleuFonce\">\n        <div class=\"container\">\n            <div class=\"gauche\">\n                <div>\n                    <h2>Joy in the little things<\/h2>\n                                    <\/div>\n            <\/div>\n            \n            <audio id=\"player\" src=\"https:\/\/vivrelamauricie.ca\/wp-content\/uploads\/2024\/01\/La-Mauric-ouie_Mixe-Audio.mp3\" loop><\/audio>\n            <div class=\"droite\"> \n                <div>\n                    <button class=\"play\" onclick=\"document.getElementById('player').play()\">Play<\/button> \n                    <button class=\"pause hidden\" onclick=\"document.getElementById('player').pause()\">Pause<\/button> \n                    <!--button onclick=\"document.getElementById('player').volume += 0.1\">Vol +<\/button> \n                    <button onclick=\"document.getElementById('player').volume -= 0.1\">Vol -<\/button--> \n                <\/div>\n                <span>\n                    <span>\n                        <div class=\"wrapper\">\n                            <div class=\"cacheur\"><\/div>\n                            <div class=\"sound-wave\">\n                                \n                                <div class=\"sound-bar\"><\/div>\n                                <div class=\"sound-bar\"><\/div>\n                                <div class=\"sound-bar\"><\/div>\n                                <div class=\"sound-bar\"><\/div>\n                                <div class=\"sound-bar\"><\/div>\n                                <div class=\"sound-bar\"><\/div>\n                                <div class=\"sound-bar\"><\/div>\n                                <div class=\"sound-bar\"><\/div>\n                                <div class=\"sound-bar\"><\/div>\n                                <div class=\"sound-bar\"><\/div>\n                                <div class=\"sound-bar\"><\/div>\n                                <div class=\"sound-bar\"><\/div>\n                                <div class=\"sound-bar\"><\/div>\n                                \n                            <\/div>\n                         <\/div>\n                        \n                        \n                        <!--img src=\"https:\/\/vivrelamauricie.ca\/wp-content\/themes\/absolu\/images\/spacer-wave.webp\" alt=\"\"--><\/span>\n                <\/span>\n            <\/div>\n        <\/div>\n    <\/section>\n\n    \n\n\n    \n            <section class=\"texte_image_plein   t_jaune parallax\" data-type=\"background\" style=\"background-image:url('https:\/\/vivrelamauricie.ca\/wp-content\/uploads\/2023\/11\/OnMeneBonneVie_Section03-1-2500x1440.webp');\">\n            <div class=\"container\">\n                <div>\n                    <h2>Breathing in the fresh air, gazing at the stars, and feeling the wind on our faces.<\/h2>\n                <\/div>\n            <\/div>\n        <\/section>\n             <section class=\"texte_image_plein texte_a_droite  t_jaune parallax\" data-type=\"background\" style=\"background-image:url('https:\/\/vivrelamauricie.ca\/wp-content\/uploads\/2023\/10\/OnMeneBonneVie_Section01-1-1-2500x1440.webp');\">\n            <div class=\"container\">\n                <div>\n                    <h2>Watching our kids and their friends chalk up the street.<\/h2>\n                <\/div>\n            <\/div>\n        <\/section>\n             <section class=\"texte_image_plein   t_jaune parallax\" data-type=\"background\" style=\"background-image:url('https:\/\/vivrelamauricie.ca\/wp-content\/uploads\/2023\/11\/OnMeneBonneVie_Section02-1-2500x1440.webp');\">\n            <div class=\"container\">\n                <div>\n                    <h2>Surprises around every corner.<\/h2>\n                <\/div>\n            <\/div>\n        <\/section>\n         \n\n<section class=\"entete_video b_bleu t_bleuFonce\">\n    <div class=\"container\">\n        <div class=\"gauche\">\n            <div>\n                                    <h2>KIDS<\/h2>\n                    <span class=\"nom\">Lenna and \u00c9loi<\/span>\n                    <span class=\"video\" style=\"background-image:url();\">\n                        \n                    <iframe  src=\"https:\/\/player.vimeo.com\/video\/896538929?badge=0&amp;autopause=0&amp;player_id=0&amp;app_id=58479\" frameborder=\"0\" allow=\"autoplay; fullscreen; picture-in-picture\"  title=\"\"><\/iframe>\n                    <\/span>\n                            <\/div>\n        <\/div>\n        <div class=\"droite\">\n            <div>\n                                    <h2>RETIRED<\/h2>\n                    <span class=\"nom\">Karl and L\u00e9o<\/span>\n                    <span class=\"video\" style=\"background-image:url();\">\n                        \n                    <iframe src=\"https:\/\/player.vimeo.com\/video\/912591835?badge=0&amp;autopause=0&amp;player_id=0&amp;app_id=58479\" frameborder=\"0\" allow=\"autoplay; fullscreen; picture-in-picture\"  title=\"\"><\/iframe>\n                    <\/span>\n                            <\/div>\n        <\/div>\n        \n    <\/div>\n<\/section>\n\n\n\n    <section class=\"articles_de_blogue tuilesPolaroid  b_bleuFonce t_beige\">\n        <div class=\"container\">\n            <h2>Initiatives on the ground<\/h2>\n            <div class=\"liste \">\n                \n                      \n                               <a href=\"https:\/\/vivrelamauricie.ca\/en\/innovative-primary-schools-in-mauricie\/\"  class=\"uneNouvelle t_bleuFonce \">\n                            <span src=\"\/wp-content\/themes\/latuque\/images\/spacer.gif\"                                     class=\"image\" style=\"background-image:url('https:\/\/vivrelamauricie.ca\/wp-content\/uploads\/2023\/09\/Blogue_Ecole_01-760x400.webp');\" \n                                 alt=\"Innovative Primary Schools in Mauricie\" \/>\n                            <\/span>\n                            <span class=\"description\">\n                                <span>\n                                    <span class=\"titre  t_bleuFonce \">Innovative Primary Schools in Mauricie<\/span>\n                                    <span class=\"lire  t_bleuFonce \">Read<span class=\"fleche\"><\/span><\/span>\n                                <\/span>\n                            <\/span>\n                        <\/a>\n\n                               <a href=\"https:\/\/vivrelamauricie.ca\/en\/a-unique-sports-centre-in-canada\/\"  class=\"uneNouvelle t_bleuFonce \">\n                            <span src=\"\/wp-content\/themes\/latuque\/images\/spacer.gif\"                                     class=\"image\" style=\"background-image:url('https:\/\/vivrelamauricie.ca\/wp-content\/uploads\/2023\/09\/Blogue_Adrenaline-Urbaine_01-760x400.jpg');\" \n                                 alt=\"A Unique Sports Centre in Canada\" \/>\n                            <\/span>\n                            <span class=\"description\">\n                                <span>\n                                    <span class=\"titre  t_bleuFonce \">A Unique Sports Centre in Canada<\/span>\n                                    <span class=\"lire  t_bleuFonce \">Read<span class=\"fleche\"><\/span><\/span>\n                                <\/span>\n                            <\/span>\n                        <\/a>\n\n            \n                                    <\/div><a href=\"\/en\/blog\/\" class=\"lien\">Discover all our stories of grounded people<span class=\"fleche\"><\/span><\/a>              \n        <\/div>\n    <\/section>\n\n    \n\n\n    <section class=\"cta  b_jaune t_bleu m_bleuFonce\">\n \n        <div class=\"m\">\n            <div class=\"zooming\">\n                <div class=\"leM\"><\/div>\n            <\/div>\n        <\/div>\n        <div class=\"container\">\n            <span>Children grow up fast. When it comes to post-secondary education, there are plenty of options  in Mauricie.<\/span>\n                          <span><a href=\"\/en\/lots-of-places-to-learn\/\"  >Study in Mauricie <span class=\"fleche\"><\/span><\/a><\/span>\n          \n        <\/div>\n    <\/section>\n\n    ","protected":false},"excerpt":{"rendered":"","protected":false},"author":1,"featured_media":0,"parent":0,"menu_order":0,"comment_status":"closed","ping_status":"closed","template":"pages.php","meta":{"_acf_changed":false,"inline_featured_image":false,"footnotes":""},"class_list":["post-3245","page","type-page","status-publish","hentry"],"acf":[],"_links":{"self":[{"href":"https:\/\/vivrelamauricie.ca\/en\/wp-json\/wp\/v2\/pages\/3245","targetHints":{"allow":["GET"]}}],"collection":[{"href":"https:\/\/vivrelamauricie.ca\/en\/wp-json\/wp\/v2\/pages"}],"about":[{"href":"https:\/\/vivrelamauricie.ca\/en\/wp-json\/wp\/v2\/types\/page"}],"author":[{"embeddable":true,"href":"https:\/\/vivrelamauricie.ca\/en\/wp-json\/wp\/v2\/users\/1"}],"replies":[{"embeddable":true,"href":"https:\/\/vivrelamauricie.ca\/en\/wp-json\/wp\/v2\/comments?post=3245"}],"version-history":[{"count":40,"href":"https:\/\/vivrelamauricie.ca\/en\/wp-json\/wp\/v2\/pages\/3245\/revisions"}],"predecessor-version":[{"id":6154,"href":"https:\/\/vivrelamauricie.ca\/en\/wp-json\/wp\/v2\/pages\/3245\/revisions\/6154"}],"wp:attachment":[{"href":"https:\/\/vivrelamauricie.ca\/en\/wp-json\/wp\/v2\/media?parent=3245"}],"curies":[{"name":"wp","href":"https:\/\/api.w.org\/{rel}","templated":true}]}}