{"id":3285,"date":"2023-10-31T13:51:51","date_gmt":"2023-10-31T17:51:51","guid":{"rendered":"https:\/\/vivrelamauricie.ca\/plein-de-possibilites-pour-etudier\/nos-etablissements-denseignement-postsecondaire\/"},"modified":"2025-06-13T11:19:20","modified_gmt":"2025-06-13T15:19:20","slug":"our-post-secondary-institutions","status":"publish","type":"page","link":"https:\/\/vivrelamauricie.ca\/en\/lots-of-places-to-learn\/our-post-secondary-institutions\/","title":{"rendered":"Our post-secondary institutions"},"content":{"rendered":"<section class=\"entete_generique b_jaune t_bleuFonce\">\n\n    <div class=\"container \">\n        \n            <div class=\"image parallax avecDegrade\" data-type=\"background\" style=\"background-image:url(https:\/\/vivrelamauricie.ca\/wp-content\/uploads\/2024\/01\/14.PostSecondaires_BandeauEntete-1700x1156.webp);\">\n                <h1 class=\"t_jaune\">Our post-secondary <br>institutions<\/h1>\n\n            <\/div>\n      <a href=\"https:\/\/vivrelamauricie.ca\/en\/lots-of-places-to-learn\/\"  class=\"retour\">Back <span class=\"fleche\"><\/span><\/a><div class=\"texte\"><\/div>        <div class=\"bas \">\n            <p style=\"text-align: center;\">Higher education, technical careers, science and technology, health, arts\u2026 there are so many opportunities here.And they\u2019re all made better by passionate people eager to share what they know. In Mauricie, we believe it takes knowledge, curiosity, guts and a big community of people to cultivate a space for the ambitious and innovative. Are you ready?<\/p>\n        <\/div>    <\/div>\n<\/section>\n\n\n<section class=\"texte_image_avec_m  b_vert t_jaune\">\n        <div class=\"container imageADroite\">\n            <div class=\"img\">\n                \n            <div><h3 style=\"margin-top: 0\">Cegeps<\/h3>\n<p>2 CEGEPS + 2 colleges = a wide range of really interesting technical programs. From ambulance transport, fashion marketing and childhood education, to graphic design, animal health, police intervention and radiography, there are plenty of opportunities for you.<\/p>\n<ul>\n<li><a class=\"blank\" href=\"https:\/\/www.cegepshawinigan.ca\/\" target=\"_blank\" rel=\"noopener\">C\u00e9gep de Shawinigan<\/a><\/li>\n<li><a class=\"blank\" href=\"https:\/\/www.cegeptr.qc.ca\/\" target=\"_blank\" rel=\"noopener\">C\u00e9gep de Trois-Rivi\u00e8res<\/a><\/li>\n<li><a class=\"blank\" href=\"https:\/\/clafleche.qc.ca\/\" target=\"_blank\" rel=\"noopener\">Coll\u00e8ge Lafl\u00e8che<\/a><\/li>\n<li><a class=\"blank\" href=\"https:\/\/www.ellis.qc.ca\/\" target=\"_blank\" rel=\"noopener\">Coll\u00e8ge Ellis<\/a><\/li>\n<\/ul>\n<p>&nbsp;<\/p>\n<p>&nbsp;<\/p>\n <\/div>\n                            <div class=\"image \"  style=\"\">\n                        <img decoding=\"async\" src=\"https:\/\/vivrelamauricie.ca\/wp-content\/uploads\/2023\/10\/Cadre-Image-Vie-1-850x536.webp\" alt=\"\">\n                \n                <\/div>\n                                <div class=\"m\"><\/div>\n            <\/div>\n            <div class=\"texte\">\n                <div>\n                    <span class=\"cat\"><\/span>\n                    <h3>Professional career centers<\/h3>\n<p>Our professional career centers are a gateway to a large number of  skilled trades. Whether you\u2019re interested in assembling small electronic parts or large engines that make a lot of noise, there\u2019s a programme just for you. You can even learn how to make watches.<\/p>\n<ul>\n<li><a class=\"blank\" href=\"https:\/\/cfmfp.ca\/\" target=\"_blank\" rel=\"noopener\">Carrefour Formation Mauricie<\/a><\/li>\n<li><a class=\"blank\" href=\"https:\/\/csscdr.gouv.qc.ca\/formation-professionnelle-et-continue\/formation-professionnelle-bel-avenir\/\" target=\"_blank\" rel=\"noopener\">CFP Bel-Avenir<\/a><\/li>\n<li><a class=\"blank\" href=\"https:\/\/csscdr.gouv.qc.ca\/formation-professionnelle-et-continue\/formation-professionnelle-qualitech\/\" target=\"_blank\" rel=\"noopener\">CFP Qualitech<\/a><\/li>\n<li><a class=\"blank\" href=\"http:\/\/www.eflt.ca\/\" target=\"_blank\" rel=\"noopener\">\u00c9cole foresti\u00e8re de La Tuque<\/a><\/li>\n<li><a class=\"blank\" href=\"https:\/\/formation-mauricie.ca\/\" target=\"_blank\" rel=\"noopener\">Formation continue \u2013 Services aux entreprises Trois-Rivi\u00e8res<\/a><\/li>\n<li><a class=\"blank\" href=\"https:\/\/www.cegepshawinigan.ca\/formation-aux-entreprises\/\" target=\"_blank\" rel=\"noopener\">Formation continue \u2013 Services aux entreprises Shawinigan<\/a><\/li>\n<\/ul>\n<p>&nbsp;<br \/>\n&nbsp;<\/p>\n<h3>University<\/h3>\n<p>With close to 371 programs offered at UQTR, there\u2019s something for everyone. If you dream of being a chiropractor, biomedical scientist, engineer, accountant, or philosopher, this is the place to do it. Want something a little more unique?  UQTR is the only university to offer a bachelor in midwifery. <\/p>\n<ul>\n<li><a class=\"blank\" href=\"https:\/\/www.uqtr.ca\" target=\"_blank\" rel=\"noopener\">Universit\u00e9 du Qu\u00e9bec \u00e0 Trois-Rivi\u00e8res<\/a><\/li>\n<\/ul>\n<p>&nbsp;<\/p>\n                                        <\/div>\n            <\/div> \n        <\/div> \n\n<\/section>\n\n    \n\n\n    <section class=\"cta  b_bleuFonce t_jaune m_vert\">\n \n        <div class=\"m\">\n            <div class=\"zooming\">\n                <div class=\"leM\"><\/div>\n            <\/div>\n        <\/div>\n        <div class=\"container\">\n            <span>Now that you\u2019ve graduated, what\u2019s next? <br>A job you\u2019ll really love.<\/span>\n                          <span><a href=\"https:\/\/vivrelamauricie.ca\/en\/we-love-to-work\/\"  >Work in Mauricie <span class=\"fleche\"><\/span><\/a><\/span>\n          \n        <\/div>\n    <\/section>\n\n    ","protected":false},"excerpt":{"rendered":"","protected":false},"author":1,"featured_media":0,"parent":3282,"menu_order":0,"comment_status":"closed","ping_status":"closed","template":"","meta":{"_acf_changed":false,"inline_featured_image":false,"footnotes":""},"class_list":["post-3285","page","type-page","status-publish","hentry"],"acf":[],"_links":{"self":[{"href":"https:\/\/vivrelamauricie.ca\/en\/wp-json\/wp\/v2\/pages\/3285","targetHints":{"allow":["GET"]}}],"collection":[{"href":"https:\/\/vivrelamauricie.ca\/en\/wp-json\/wp\/v2\/pages"}],"about":[{"href":"https:\/\/vivrelamauricie.ca\/en\/wp-json\/wp\/v2\/types\/page"}],"author":[{"embeddable":true,"href":"https:\/\/vivrelamauricie.ca\/en\/wp-json\/wp\/v2\/users\/1"}],"replies":[{"embeddable":true,"href":"https:\/\/vivrelamauricie.ca\/en\/wp-json\/wp\/v2\/comments?post=3285"}],"version-history":[{"count":33,"href":"https:\/\/vivrelamauricie.ca\/en\/wp-json\/wp\/v2\/pages\/3285\/revisions"}],"predecessor-version":[{"id":4299,"href":"https:\/\/vivrelamauricie.ca\/en\/wp-json\/wp\/v2\/pages\/3285\/revisions\/4299"}],"up":[{"embeddable":true,"href":"https:\/\/vivrelamauricie.ca\/en\/wp-json\/wp\/v2\/pages\/3282"}],"wp:attachment":[{"href":"https:\/\/vivrelamauricie.ca\/en\/wp-json\/wp\/v2\/media?parent=3285"}],"curies":[{"name":"wp","href":"https:\/\/api.w.org\/{rel}","templated":true}]}}